{"id":22,"date":"2025-12-12T23:38:06","date_gmt":"2025-12-12T22:38:06","guid":{"rendered":"https:\/\/monheim.vcp-nordrhein.de\/wordpress\/index.php\/impressum\/"},"modified":"2025-12-14T09:12:07","modified_gmt":"2025-12-14T08:12:07","slug":"impressum","status":"publish","type":"page","link":"https:\/\/monheim.vcp-nordrhein.de\/wordpress\/index.php\/impressum\/","title":{"rendered":"Impressum"},"content":{"rendered":"\n<p><strong>Wir sind dPfadfinderstamm Monheim, im\u00a0<a href=\"http:\/\/vcp.de\/\">Verband Christlicher Pfadfinderinnen und Pfadfinder (VCP)<\/a>,\u00a0<a href=\"http:\/\/vcp-nordrhein.de\/\">Land Nordrhein<\/a>. Die Adresse unserer Seite Lautet\u00a0<a href=\"http:\/\/vcp-monheim.de\">vcp-monheim.de<\/a>.<\/strong><\/p>\n\n\n\n<hr class=\"wp-block-separator has-alpha-channel-opacity\"\/>\n\n\n\n<p>Verband Christlicher Pfadfinderinnen und Pfadfinder (VCP) e.V.<\/p>\n\n\n\n<p>VCP Monheim<br><br>Email: webmaster@vcp-monheim.de<\/p>\n\n\n\n<h2 class=\"wp-block-heading\">Vertreten durch:<\/h2>\n\n\n\n<ul class=\"wp-block-list\">\n<li>Thomas Mohr<\/li>\n<\/ul>\n\n\n\n<h2 class=\"wp-block-heading\">Haftungshinweis<\/h2>\n\n\n\n<p>Trotz sorgf\u00e4ltiger inhaltlicher Kontrolle \u00fcbernehmen wir keine Haftung f\u00fcr die Inhalte externer Links. F\u00fcr den Inhalt der verlinkten Seiten sind ausschlie\u00dflich deren Betreiber verantwortlich.<\/p>\n\n\n\n<p>\u00dcber Anregungen, Tipps, W\u00fcnsche, Fragen, Kritik und Lob freut sich die&nbsp;Redaktion&nbsp;jederzeit!<\/p>\n\n\n\n<p>Wir weisen darauf hin, dass die in dieser Publikation verwendeten Soft- und Hardwarebezeichnungen und Markennamen der jeweiligen Firmen im Allgemeinen warenzeichen-, marken- oder patentrechtlichen Schutz unterliegen.<\/p>\n","protected":false},"excerpt":{"rendered":"<p>Wir sind dPfadfinderstamm Monheim, im\u00a0Verband Christlicher Pfadfinderinnen und Pfadfinder (VCP),\u00a0Land Nordrhein. Die Adresse unserer Seite Lautet\u00a0vcp-monheim.de. Verband Christlicher Pfadfinderinnen und Pfadfinder (VCP) e.V. VCP Monheim Email: webmaster@vcp-monheim.de Vertreten durch: Haftungshinweis Trotz sorgf\u00e4ltiger inhaltlicher Kontrolle \u00fcbernehmen wir keine Haftung f\u00fcr die Inhalte externer Links. F\u00fcr den Inhalt der verlinkten Seiten sind ausschlie\u00dflich deren Betreiber verantwortlich. \u00dcber [&hellip;]<\/p>\n","protected":false},"author":1,"featured_media":0,"parent":0,"menu_order":0,"comment_status":"closed","ping_status":"closed","template":"","meta":{"footnotes":""},"class_list":["post-22","page","type-page","status-publish","hentry"],"_links":{"self":[{"href":"https:\/\/monheim.vcp-nordrhein.de\/wordpress\/index.php\/wp-json\/wp\/v2\/pages\/22","targetHints":{"allow":["GET"]}}],"collection":[{"href":"https:\/\/monheim.vcp-nordrhein.de\/wordpress\/index.php\/wp-json\/wp\/v2\/pages"}],"about":[{"href":"https:\/\/monheim.vcp-nordrhein.de\/wordpress\/index.php\/wp-json\/wp\/v2\/types\/page"}],"author":[{"embeddable":true,"href":"https:\/\/monheim.vcp-nordrhein.de\/wordpress\/index.php\/wp-json\/wp\/v2\/users\/1"}],"replies":[{"embeddable":true,"href":"https:\/\/monheim.vcp-nordrhein.de\/wordpress\/index.php\/wp-json\/wp\/v2\/comments?post=22"}],"version-history":[{"count":3,"href":"https:\/\/monheim.vcp-nordrhein.de\/wordpress\/index.php\/wp-json\/wp\/v2\/pages\/22\/revisions"}],"predecessor-version":[{"id":43,"href":"https:\/\/monheim.vcp-nordrhein.de\/wordpress\/index.php\/wp-json\/wp\/v2\/pages\/22\/revisions\/43"}],"wp:attachment":[{"href":"https:\/\/monheim.vcp-nordrhein.de\/wordpress\/index.php\/wp-json\/wp\/v2\/media?parent=22"}],"curies":[{"name":"wp","href":"https:\/\/api.w.org\/{rel}","templated":true}]}}